{"id":1726,"date":"2024-02-22T11:07:14","date_gmt":"2024-02-22T11:07:14","guid":{"rendered":"https:\/\/robia.now-ever.at\/?page_id=1726"},"modified":"2025-01-30T14:08:50","modified_gmt":"2025-01-30T14:08:50","slug":"kontakt","status":"publish","type":"page","link":"https:\/\/robia-green.at\/en\/kontakt\/","title":{"rendered":"Contact"},"content":{"rendered":"<div data-elementor-type=\"wp-page\" data-elementor-id=\"1726\" class=\"elementor elementor-1726\" data-elementor-post-type=\"page\">\n\t\t\t\t<div class=\"elementor-element elementor-element-99d5b1b animated-slow e-flex e-con-boxed elementor-invisible e-con e-parent\" data-id=\"99d5b1b\" data-element_type=\"container\" data-settings=\"{&quot;animation&quot;:&quot;fadeIn&quot;}\">\n\t\t\t\t\t<div class=\"e-con-inner\">\n\t\t<div class=\"elementor-element elementor-element-507a125 e-flex e-con-boxed e-con e-child\" data-id=\"507a125\" data-element_type=\"container\">\n\t\t\t\t\t<div class=\"e-con-inner\">\n\t\t<div class=\"elementor-element elementor-element-a12856d e-con-full e-flex e-con e-child\" data-id=\"a12856d\" data-element_type=\"container\">\n\t\t\t\t<div class=\"elementor-element elementor-element-c4939c6 elementor-widget__width-initial elementor-widget-mobile__width-inherit elementor-widget elementor-widget-heading\" data-id=\"c4939c6\" data-element_type=\"widget\" data-widget_type=\"heading.default\">\n\t\t\t\t<div class=\"elementor-widget-container\">\n\t\t\t<h1 class=\"elementor-heading-title elementor-size-default\">Contact Us \u2013 Let's Talk About Your Future!<\/h1>\t\t<\/div>\n\t\t\t\t<\/div>\n\t\t\t\t<\/div>\n\t\t<div class=\"elementor-element elementor-element-8c192fd e-con-full e-flex e-con e-child\" data-id=\"8c192fd\" data-element_type=\"container\">\n\t\t<div class=\"elementor-element elementor-element-7a47b26 e-flex e-con-boxed e-con e-child\" data-id=\"7a47b26\" data-element_type=\"container\">\n\t\t\t\t\t<div class=\"e-con-inner\">\n\t\t\t\t<div class=\"elementor-element elementor-element-1c62561 elementor-widget-mobile__width-inherit elementor-widget__width-initial elementor-widget elementor-widget-text-editor\" data-id=\"1c62561\" data-element_type=\"widget\" data-widget_type=\"text-editor.default\">\n\t\t\t\t<div class=\"elementor-widget-container\">\n\t\t\t\t\t\t\t<p><strong>ROBIA GmbH &amp; Co KG<\/strong><br \/>Blumauweg 32<br \/>8530 Deutschlandsberg<\/p>\t\t\t\t\t\t<\/div>\n\t\t\t\t<\/div>\n\t\t\t\t<div class=\"elementor-element elementor-element-e1d8039 elementor-icon-list--layout-traditional elementor-list-item-link-full_width elementor-widget elementor-widget-icon-list\" data-id=\"e1d8039\" data-element_type=\"widget\" data-widget_type=\"icon-list.default\">\n\t\t\t\t<div class=\"elementor-widget-container\">\n\t\t\t\t\t<ul class=\"elementor-icon-list-items\">\n\t\t\t\t\t\t\t<li class=\"elementor-icon-list-item\">\n\t\t\t\t\t\t\t\t\t\t\t<a href=\"tel:%20+43%20664%2044%2059%20045\">\n\n\t\t\t\t\t\t\t\t\t\t\t<span class=\"elementor-icon-list-text\">+43 664 44 59 045<\/span>\n\t\t\t\t\t\t\t\t\t\t\t<\/a>\n\t\t\t\t\t\t\t\t\t<\/li>\n\t\t\t\t\t\t\t\t<li class=\"elementor-icon-list-item\">\n\t\t\t\t\t\t\t\t\t\t\t<a href=\"mailto:robia@robia-boeden.at\">\n\n\t\t\t\t\t\t\t\t\t\t\t<span class=\"elementor-icon-list-text\">robia@robia-boeden.at<\/span>\n\t\t\t\t\t\t\t\t\t\t\t<\/a>\n\t\t\t\t\t\t\t\t\t<\/li>\n\t\t\t\t\t\t<\/ul>\n\t\t\t\t<\/div>\n\t\t\t\t<\/div>\n\t\t\t\t<div class=\"elementor-element elementor-element-5ff041b elementor-widget elementor-widget-text-editor\" data-id=\"5ff041b\" data-element_type=\"widget\" data-widget_type=\"text-editor.default\">\n\t\t\t\t<div class=\"elementor-widget-container\">\n\t\t\t\t\t\t\t<p>Management:<br \/>Christian Robia, Senior<br \/>Christian Wipfler, Junior<\/p>\t\t\t\t\t\t<\/div>\n\t\t\t\t<\/div>\n\t\t\t\t\t<\/div>\n\t\t\t\t<\/div>\n\t\t<div class=\"elementor-element elementor-element-ae6acdb e-con-full e-flex e-con e-child\" data-id=\"ae6acdb\" data-element_type=\"container\">\n\t\t\t\t<div class=\"elementor-element elementor-element-b2b8f60 elementor-widget elementor-widget-image\" data-id=\"b2b8f60\" data-element_type=\"widget\" data-settings=\"{&quot;motion_fx_motion_fx_scrolling&quot;:&quot;yes&quot;,&quot;motion_fx_translateY_effect&quot;:&quot;yes&quot;,&quot;motion_fx_translateY_speed&quot;:{&quot;unit&quot;:&quot;px&quot;,&quot;size&quot;:1.5,&quot;sizes&quot;:[]},&quot;motion_fx_translateY_affectedRange&quot;:{&quot;unit&quot;:&quot;%&quot;,&quot;size&quot;:&quot;&quot;,&quot;sizes&quot;:{&quot;start&quot;:0,&quot;end&quot;:100}},&quot;motion_fx_devices&quot;:[&quot;desktop&quot;,&quot;tablet&quot;,&quot;mobile&quot;]}\" data-widget_type=\"image.default\">\n\t\t\t\t<div class=\"elementor-widget-container\">\n\t\t\t\t\t\t\t\t\t\t\t\t\t<img fetchpriority=\"high\" decoding=\"async\" width=\"1088\" height=\"1450\" src=\"https:\/\/robia-green.at\/wp-content\/uploads\/2024\/04\/WSI_PR_Robia-Image_0006_202007092020-07-09_Robia_0262-1.png\" class=\"attachment-full size-full wp-image-9604\" alt=\"Portrait zeigt Christian Robia und Christian Wipfler freundlich in die Kamera blickend.\" srcset=\"https:\/\/robia-green.at\/wp-content\/uploads\/2024\/04\/WSI_PR_Robia-Image_0006_202007092020-07-09_Robia_0262-1.png 1088w, https:\/\/robia-green.at\/wp-content\/uploads\/2024\/04\/WSI_PR_Robia-Image_0006_202007092020-07-09_Robia_0262-1-225x300.png 225w, https:\/\/robia-green.at\/wp-content\/uploads\/2024\/04\/WSI_PR_Robia-Image_0006_202007092020-07-09_Robia_0262-1-768x1024.png 768w\" sizes=\"(max-width: 1088px) 100vw, 1088px\" \/>\t\t\t\t\t\t\t\t\t\t\t\t\t<\/div>\n\t\t\t\t<\/div>\n\t\t\t\t<\/div>\n\t\t\t\t<\/div>\n\t\t\t\t\t<\/div>\n\t\t\t\t<\/div>\n\t\t\t\t\t<\/div>\n\t\t\t\t<\/div>\n\t\t<div class=\"elementor-element elementor-element-15f36c3 animated-slow e-flex e-con-boxed elementor-invisible e-con e-parent\" data-id=\"15f36c3\" data-element_type=\"container\" data-settings=\"{&quot;background_background&quot;:&quot;classic&quot;,&quot;animation&quot;:&quot;fadeIn&quot;}\">\n\t\t\t\t\t<div class=\"e-con-inner\">\n\t\t<div class=\"elementor-element elementor-element-061665d e-con-full e-flex e-con e-child\" data-id=\"061665d\" data-element_type=\"container\">\n\t\t<div class=\"elementor-element elementor-element-70f0b2c e-con-full e-flex e-con e-child\" data-id=\"70f0b2c\" data-element_type=\"container\">\n\t\t\t\t<div class=\"elementor-element elementor-element-899593f elementor-widget__width-inherit elementor-widget-mobile__width-inherit elementor-widget-tablet__width-inherit elementor-widget elementor-widget-heading\" data-id=\"899593f\" data-element_type=\"widget\" data-widget_type=\"heading.default\">\n\t\t\t\t<div class=\"elementor-widget-container\">\n\t\t\t<h2 class=\"elementor-heading-title elementor-size-default\">QUESTIONS ABOUT FRANCHISE OR NEED SUPPORT?<\/h2>\t\t<\/div>\n\t\t\t\t<\/div>\n\t\t\t\t<div class=\"elementor-element elementor-element-bb1563a elementor-button-align-end elementor-mobile-button-align-center elementor-widget elementor-widget-global elementor-global-10410 elementor-widget-form\" data-id=\"bb1563a\" data-element_type=\"widget\" data-settings=\"{&quot;step_next_label&quot;:&quot;Next&quot;,&quot;step_previous_label&quot;:&quot;Previous&quot;,&quot;button_width&quot;:&quot;100&quot;,&quot;step_type&quot;:&quot;number_text&quot;,&quot;step_icon_shape&quot;:&quot;circle&quot;}\" data-widget_type=\"form.default\">\n\t\t\t\t<div class=\"elementor-widget-container\">\n\t\t\t\t\t<form class=\"elementor-form\" method=\"post\" name=\"New Form\" action=\"\">\n\t\t\t<input type=\"hidden\" name=\"post_id\" value=\"1726\"\/>\n\t\t\t<input type=\"hidden\" name=\"form_id\" value=\"bb1563a\"\/>\n\t\t\t<input type=\"hidden\" name=\"referer_title\" value=\"ROBIA green\" \/>\n\n\t\t\t\n\t\t\t<div class=\"elementor-form-fields-wrapper elementor-labels-\">\n\t\t\t\t\t\t\t\t<div class=\"elementor-field-type-text elementor-field-group elementor-column elementor-field-group-name elementor-col-50\">\n\t\t\t\t\t\t\t\t\t\t\t\t<label for=\"form-field-name\" class=\"elementor-field-label elementor-screen-only\">\n\t\t\t\t\t\t\t\tName\t\t\t\t\t\t\t<\/label>\n\t\t\t\t\t\t\t\t\t\t\t\t\t\t<input size=\"1\" type=\"text\" name=\"form_fields[name]\" id=\"form-field-name\" class=\"elementor-field elementor-size-md  elementor-field-textual\" placeholder=\"Name\">\n\t\t\t\t\t\t\t\t\t\t\t<\/div>\n\t\t\t\t\t\t\t\t<div class=\"elementor-field-type-email elementor-field-group elementor-column elementor-field-group-email elementor-col-50 elementor-field-required\">\n\t\t\t\t\t\t\t\t\t\t\t\t<label for=\"form-field-email\" class=\"elementor-field-label elementor-screen-only\">\n\t\t\t\t\t\t\t\tEmail\t\t\t\t\t\t\t<\/label>\n\t\t\t\t\t\t\t\t\t\t\t\t\t\t<input size=\"1\" type=\"email\" name=\"form_fields[email]\" id=\"form-field-email\" class=\"elementor-field elementor-size-md  elementor-field-textual\" placeholder=\"E-mail*\" required=\"required\" aria-required=\"true\">\n\t\t\t\t\t\t\t\t\t\t\t<\/div>\n\t\t\t\t\t\t\t\t<div class=\"elementor-field-type-text\">\n\t\t\t\t\t<input size=\"1\" type=\"text\" name=\"form_fields[field_a426c2f]\" id=\"form-field-field_a426c2f\" class=\"elementor-field elementor-size-md\" style=\"display:none !important;\">\t\t\t\t<\/div>\n\t\t\t\t\t\t\t\t<div class=\"elementor-field-type-textarea elementor-field-group elementor-column elementor-field-group-message elementor-col-100\">\n\t\t\t\t\t\t\t\t\t\t\t\t<label for=\"form-field-message\" class=\"elementor-field-label elementor-screen-only\">\n\t\t\t\t\t\t\t\tMessage\t\t\t\t\t\t\t<\/label>\n\t\t\t\t\t\t<textarea class=\"elementor-field-textual elementor-field  elementor-size-md\" name=\"form_fields[message]\" id=\"form-field-message\" rows=\"3\" placeholder=\"Your request\"><\/textarea>\t\t\t\t<\/div>\n\t\t\t\t\t\t\t\t<div class=\"elementor-field-type-acceptance elementor-field-group elementor-column elementor-field-group-newsletter elementor-col-80\">\n\t\t\t\t\t\t\t\t\t\t\t\t<label for=\"form-field-newsletter\" class=\"elementor-field-label elementor-screen-only\">\n\t\t\t\t\t\t\t\tCheckbox\t\t\t\t\t\t\t<\/label>\n\t\t\t\t\t\t\t\t<div class=\"elementor-field-subgroup\">\n\t\t\t<span class=\"elementor-field-option\">\n\t\t\t\t<input type=\"checkbox\" name=\"form_fields[newsletter]\" id=\"form-field-newsletter\" class=\"elementor-field elementor-size-md  elementor-acceptance-field\">\n\t\t\t\t<label for=\"form-field-newsletter\">I would like to receive a newsletter <br>von ROBIA GmbH & Co KG erhalten.<\/label>\t\t\t<\/span>\n\t\t<\/div>\n\t\t\t\t\t\t<\/div>\n\t\t\t\t\t\t\t\t<div class=\"elementor-field-type-html elementor-field-group elementor-column elementor-field-group-field_04b131a elementor-col-20\">\n\t\t\t\t\t* Required field\t\t\t\t<\/div>\n\t\t\t\t\t\t\t\t<div class=\"elementor-field-type-html elementor-field-group elementor-column elementor-field-group-field_c839b39 elementor-col-50\">\n\t\t\t\t\tYou will receive updates from us approximately 3-4 times a year with information about events or our services. Subscribing to the newsletter is free of charge, does not obligate you to anything, and can be revoked at any time. To sign up, providing an email address is required. The legal basis for processing is Article 6(1)(a) DSGVO. You can unsubscribe at any time by clicking the unsubscribe link in the newsletter email. Please also refer to our privacy notice in accordance with Article 13 DSGVO.\t\t\t\t<\/div>\n\t\t\t\t\t\t\t\t<div class=\"elementor-field-group elementor-column elementor-field-type-submit elementor-col-100 e-form__buttons\">\n\t\t\t\t\t<button type=\"submit\" class=\"elementor-button elementor-size-md\">\n\t\t\t\t\t\t<span >\n\t\t\t\t\t\t\t\t\t\t\t\t\t\t\t<span class=\"elementor-button-icon\">\n\t\t\t\t\t\t\t\t\t\t\t\t\t\t\t\t\t\t\t\t\t\t\t\t\t\t<\/span>\n\t\t\t\t\t\t\t\t\t\t\t\t\t\t\t\t\t\t\t\t\t\t<span class=\"elementor-button-text\">send request<\/span>\n\t\t\t\t\t\t\t\t\t\t\t\t\t<\/span>\n\t\t\t\t\t<\/button>\n\t\t\t\t<\/div>\n\t\t\t<\/div>\n\t\t<input type=\"hidden\" name=\"trp-form-language\" value=\"en\"\/><\/form>\n\t\t\t\t<\/div>\n\t\t\t\t<\/div>\n\t\t\t\t<\/div>\n\t\t<div class=\"elementor-element elementor-element-ddb2988 e-con-full e-flex e-con e-child\" data-id=\"ddb2988\" data-element_type=\"container\">\n\t\t\t\t<div class=\"elementor-element elementor-element-69b4852 elementor-widget elementor-widget-image\" data-id=\"69b4852\" data-element_type=\"widget\" data-settings=\"{&quot;motion_fx_motion_fx_scrolling&quot;:&quot;yes&quot;,&quot;motion_fx_translateY_effect&quot;:&quot;yes&quot;,&quot;motion_fx_translateY_speed&quot;:{&quot;unit&quot;:&quot;px&quot;,&quot;size&quot;:1.5,&quot;sizes&quot;:[]},&quot;motion_fx_translateY_affectedRange&quot;:{&quot;unit&quot;:&quot;%&quot;,&quot;size&quot;:&quot;&quot;,&quot;sizes&quot;:{&quot;start&quot;:0,&quot;end&quot;:100}},&quot;motion_fx_devices&quot;:[&quot;desktop&quot;,&quot;tablet&quot;,&quot;mobile&quot;]}\" data-widget_type=\"image.default\">\n\t\t\t\t<div class=\"elementor-widget-container\">\n\t\t\t\t\t\t\t\t\t\t\t\t\t<img decoding=\"async\" width=\"1398\" height=\"1398\" src=\"https:\/\/robia-green.at\/wp-content\/uploads\/2024\/08\/ROBIAgreen_Kreis_CTA_Kontakt_4.jpg\" class=\"attachment-full size-full wp-image-10484\" alt=\"Detailfoto zeigt Hand wie sie am Handy die ROBIA green Seite scrollt.\" srcset=\"https:\/\/robia-green.at\/wp-content\/uploads\/2024\/08\/ROBIAgreen_Kreis_CTA_Kontakt_4.jpg 1398w, https:\/\/robia-green.at\/wp-content\/uploads\/2024\/08\/ROBIAgreen_Kreis_CTA_Kontakt_4-300x300.jpg 300w, https:\/\/robia-green.at\/wp-content\/uploads\/2024\/08\/ROBIAgreen_Kreis_CTA_Kontakt_4-1024x1024.jpg 1024w, https:\/\/robia-green.at\/wp-content\/uploads\/2024\/08\/ROBIAgreen_Kreis_CTA_Kontakt_4-150x150.jpg 150w, https:\/\/robia-green.at\/wp-content\/uploads\/2024\/08\/ROBIAgreen_Kreis_CTA_Kontakt_4-768x768.jpg 768w\" sizes=\"(max-width: 1398px) 100vw, 1398px\" \/>\t\t\t\t\t\t\t\t\t\t\t\t\t<\/div>\n\t\t\t\t<\/div>\n\t\t\t\t<\/div>\n\t\t\t\t<\/div>\n\t\t\t\t\t<\/div>\n\t\t\t\t<\/div>\n\t\t\t\t<\/div>","protected":false},"excerpt":{"rendered":"<p>Kontaktieren Sie uns und sprechen wir \u00fcber Ihre Zukunft! ROBIA GmbH &amp; Co KGBlumauweg 328530 Deutschlandsberg +43 664 44 59 [&hellip;]<\/p>","protected":false},"author":3,"featured_media":0,"parent":0,"menu_order":0,"comment_status":"closed","ping_status":"closed","template":"elementor_header_footer","meta":{"site-sidebar-layout":"no-sidebar","site-content-layout":"","ast-site-content-layout":"full-width-container","site-content-style":"default","site-sidebar-style":"default","ast-global-header-display":"","ast-banner-title-visibility":"","ast-main-header-display":"","ast-hfb-above-header-display":"","ast-hfb-below-header-display":"","ast-hfb-mobile-header-display":"","site-post-title":"disabled","ast-breadcrumbs-content":"","ast-featured-img":"disabled","footer-sml-layout":"","theme-transparent-header-meta":"","adv-header-id-meta":"","stick-header-meta":"","header-above-stick-meta":"","header-main-stick-meta":"","header-below-stick-meta":"","astra-migrate-meta-layouts":"default","ast-page-background-enabled":"default","ast-page-background-meta":{"desktop":{"background-color":"var(--ast-global-color-4)","background-image":"","background-repeat":"repeat","background-position":"center center","background-size":"auto","background-attachment":"scroll","background-type":"","background-media":"","overlay-type":"","overlay-color":"","overlay-opacity":"","overlay-gradient":""},"tablet":{"background-color":"","background-image":"","background-repeat":"repeat","background-position":"center center","background-size":"auto","background-attachment":"scroll","background-type":"","background-media":"","overlay-type":"","overlay-color":"","overlay-opacity":"","overlay-gradient":""},"mobile":{"background-color":"","background-image":"","background-repeat":"repeat","background-position":"center center","background-size":"auto","background-attachment":"scroll","background-type":"","background-media":"","overlay-type":"","overlay-color":"","overlay-opacity":"","overlay-gradient":""}},"ast-content-background-meta":{"desktop":{"background-color":"var(--ast-global-color-5)","background-image":"","background-repeat":"repeat","background-position":"center center","background-size":"auto","background-attachment":"scroll","background-type":"","background-media":"","overlay-type":"","overlay-color":"","overlay-opacity":"","overlay-gradient":""},"tablet":{"background-color":"var(--ast-global-color-5)","background-image":"","background-repeat":"repeat","background-position":"center center","background-size":"auto","background-attachment":"scroll","background-type":"","background-media":"","overlay-type":"","overlay-color":"","overlay-opacity":"","overlay-gradient":""},"mobile":{"background-color":"var(--ast-global-color-5)","background-image":"","background-repeat":"repeat","background-position":"center center","background-size":"auto","background-attachment":"scroll","background-type":"","background-media":"","overlay-type":"","overlay-color":"","overlay-opacity":"","overlay-gradient":""}},"footnotes":""},"class_list":["post-1726","page","type-page","status-publish","hentry"],"yoast_head":"<!-- This site is optimized with the Yoast SEO plugin v24.4 - https:\/\/yoast.com\/wordpress\/plugins\/seo\/ -->\n<title>ROBIA green: Ihr Kontakt zum ROBIA green Franchise-System<\/title>\n<meta name=\"description\" content=\"\u25ba\u25baVereinbaren Sie Ihren pers\u00f6nlichen Beratungstermin und entdecken Sie neue M\u00e4rkte f\u00fcr Ihren Profit und unsere Umwelt.\" \/>\n<meta name=\"robots\" content=\"index, follow, max-snippet:-1, max-image-preview:large, max-video-preview:-1\" \/>\n<link rel=\"canonical\" href=\"https:\/\/robia-green.at\/en\/kontakt\/\" \/>\n<meta property=\"og:locale\" content=\"en_GB\" \/>\n<meta property=\"og:type\" content=\"article\" \/>\n<meta property=\"og:title\" content=\"ROBIA green: Ihr Kontakt zum ROBIA green Franchise-System\" \/>\n<meta property=\"og:description\" content=\"\u25ba\u25baVereinbaren Sie Ihren pers\u00f6nlichen Beratungstermin und entdecken Sie neue M\u00e4rkte f\u00fcr Ihren Profit und unsere Umwelt.\" \/>\n<meta property=\"og:url\" content=\"https:\/\/robia-green.at\/en\/kontakt\/\" \/>\n<meta property=\"og:site_name\" content=\"ROBIA green\" \/>\n<meta property=\"article:publisher\" content=\"https:\/\/www.facebook.com\/RobiaBoeden\/\" \/>\n<meta property=\"article:modified_time\" content=\"2025-01-30T14:08:50+00:00\" \/>\n<meta property=\"og:image\" content=\"https:\/\/robia-green.at\/wp-content\/uploads\/2024\/04\/WSI_PR_Robia-Image_0006_202007092020-07-09_Robia_0262-1.png\" \/>\n<meta name=\"twitter:card\" content=\"summary_large_image\" \/>\n<meta name=\"twitter:label1\" content=\"Estimated reading time\" \/>\n\t<meta name=\"twitter:data1\" content=\"1 minute\" \/>\n<script type=\"application\/ld+json\" class=\"yoast-schema-graph\">{\"@context\":\"https:\/\/schema.org\",\"@graph\":[{\"@type\":\"WebPage\",\"@id\":\"https:\/\/robia-green.at\/kontakt\/\",\"url\":\"https:\/\/robia-green.at\/kontakt\/\",\"name\":\"ROBIA green: Ihr Kontakt zum ROBIA green Franchise-System\",\"isPartOf\":{\"@id\":\"https:\/\/robia-green.at\/#website\"},\"primaryImageOfPage\":{\"@id\":\"https:\/\/robia-green.at\/kontakt\/#primaryimage\"},\"image\":{\"@id\":\"https:\/\/robia-green.at\/kontakt\/#primaryimage\"},\"thumbnailUrl\":\"https:\/\/robia-green.at\/wp-content\/uploads\/2024\/04\/WSI_PR_Robia-Image_0006_202007092020-07-09_Robia_0262-1.png\",\"datePublished\":\"2024-02-22T11:07:14+00:00\",\"dateModified\":\"2025-01-30T14:08:50+00:00\",\"description\":\"\u25ba\u25baVereinbaren Sie Ihren pers\u00f6nlichen Beratungstermin und entdecken Sie neue M\u00e4rkte f\u00fcr Ihren Profit und unsere Umwelt.\",\"breadcrumb\":{\"@id\":\"https:\/\/robia-green.at\/kontakt\/#breadcrumb\"},\"inLanguage\":\"en-GB\",\"potentialAction\":[{\"@type\":\"ReadAction\",\"target\":[\"https:\/\/robia-green.at\/kontakt\/\"]}]},{\"@type\":\"ImageObject\",\"inLanguage\":\"en-GB\",\"@id\":\"https:\/\/robia-green.at\/kontakt\/#primaryimage\",\"url\":\"https:\/\/robia-green.at\/wp-content\/uploads\/2024\/04\/WSI_PR_Robia-Image_0006_202007092020-07-09_Robia_0262-1.png\",\"contentUrl\":\"https:\/\/robia-green.at\/wp-content\/uploads\/2024\/04\/WSI_PR_Robia-Image_0006_202007092020-07-09_Robia_0262-1.png\"},{\"@type\":\"BreadcrumbList\",\"@id\":\"https:\/\/robia-green.at\/kontakt\/#breadcrumb\",\"itemListElement\":[{\"@type\":\"ListItem\",\"position\":1,\"name\":\"Startseite\",\"item\":\"https:\/\/robia-green.at\/\"},{\"@type\":\"ListItem\",\"position\":2,\"name\":\"Kontakt\"}]},{\"@type\":\"WebSite\",\"@id\":\"https:\/\/robia-green.at\/#website\",\"url\":\"https:\/\/robia-green.at\/\",\"name\":\"ROBIA green\",\"description\":\"Werden Sie Teil unserer Erfolgsgeschichte\",\"potentialAction\":[{\"@type\":\"SearchAction\",\"target\":{\"@type\":\"EntryPoint\",\"urlTemplate\":\"https:\/\/robia-green.at\/?s={search_term_string}\"},\"query-input\":{\"@type\":\"PropertyValueSpecification\",\"valueRequired\":true,\"valueName\":\"search_term_string\"}}],\"inLanguage\":\"en-GB\"}]}<\/script>\n<!-- \/ Yoast SEO plugin. -->","yoast_head_json":{"title":"ROBIA green: Ihr Kontakt zum ROBIA green Franchise-System","description":"\u25ba\u25baVereinbaren Sie Ihren pers\u00f6nlichen Beratungstermin und entdecken Sie neue M\u00e4rkte f\u00fcr Ihren Profit und unsere Umwelt.","robots":{"index":"index","follow":"follow","max-snippet":"max-snippet:-1","max-image-preview":"max-image-preview:large","max-video-preview":"max-video-preview:-1"},"canonical":"https:\/\/robia-green.at\/en\/kontakt\/","og_locale":"en_GB","og_type":"article","og_title":"ROBIA green: Ihr Kontakt zum ROBIA green Franchise-System","og_description":"\u25ba\u25baVereinbaren Sie Ihren pers\u00f6nlichen Beratungstermin und entdecken Sie neue M\u00e4rkte f\u00fcr Ihren Profit und unsere Umwelt.","og_url":"https:\/\/robia-green.at\/en\/kontakt\/","og_site_name":"ROBIA green","article_publisher":"https:\/\/www.facebook.com\/RobiaBoeden\/","article_modified_time":"2025-01-30T14:08:50+00:00","og_image":[{"url":"https:\/\/robia-green.at\/wp-content\/uploads\/2024\/04\/WSI_PR_Robia-Image_0006_202007092020-07-09_Robia_0262-1.png","type":"","width":"","height":""}],"twitter_card":"summary_large_image","twitter_misc":{"Estimated reading time":"1 minute"},"schema":{"@context":"https:\/\/schema.org","@graph":[{"@type":"WebPage","@id":"https:\/\/robia-green.at\/kontakt\/","url":"https:\/\/robia-green.at\/kontakt\/","name":"ROBIA green: Ihr Kontakt zum ROBIA green Franchise-System","isPartOf":{"@id":"https:\/\/robia-green.at\/#website"},"primaryImageOfPage":{"@id":"https:\/\/robia-green.at\/kontakt\/#primaryimage"},"image":{"@id":"https:\/\/robia-green.at\/kontakt\/#primaryimage"},"thumbnailUrl":"https:\/\/robia-green.at\/wp-content\/uploads\/2024\/04\/WSI_PR_Robia-Image_0006_202007092020-07-09_Robia_0262-1.png","datePublished":"2024-02-22T11:07:14+00:00","dateModified":"2025-01-30T14:08:50+00:00","description":"\u25ba\u25baVereinbaren Sie Ihren pers\u00f6nlichen Beratungstermin und entdecken Sie neue M\u00e4rkte f\u00fcr Ihren Profit und unsere Umwelt.","breadcrumb":{"@id":"https:\/\/robia-green.at\/kontakt\/#breadcrumb"},"inLanguage":"en-GB","potentialAction":[{"@type":"ReadAction","target":["https:\/\/robia-green.at\/kontakt\/"]}]},{"@type":"ImageObject","inLanguage":"en-GB","@id":"https:\/\/robia-green.at\/kontakt\/#primaryimage","url":"https:\/\/robia-green.at\/wp-content\/uploads\/2024\/04\/WSI_PR_Robia-Image_0006_202007092020-07-09_Robia_0262-1.png","contentUrl":"https:\/\/robia-green.at\/wp-content\/uploads\/2024\/04\/WSI_PR_Robia-Image_0006_202007092020-07-09_Robia_0262-1.png"},{"@type":"BreadcrumbList","@id":"https:\/\/robia-green.at\/kontakt\/#breadcrumb","itemListElement":[{"@type":"ListItem","position":1,"name":"Startseite","item":"https:\/\/robia-green.at\/"},{"@type":"ListItem","position":2,"name":"Kontakt"}]},{"@type":"WebSite","@id":"https:\/\/robia-green.at\/#website","url":"https:\/\/robia-green.at\/","name":"ROBIA green","description":"Werden Sie Teil unserer Erfolgsgeschichte","potentialAction":[{"@type":"SearchAction","target":{"@type":"EntryPoint","urlTemplate":"https:\/\/robia-green.at\/?s={search_term_string}"},"query-input":{"@type":"PropertyValueSpecification","valueRequired":true,"valueName":"search_term_string"}}],"inLanguage":"en-GB"}]}},"_links":{"self":[{"href":"https:\/\/robia-green.at\/en\/wp-json\/wp\/v2\/pages\/1726","targetHints":{"allow":["GET"]}}],"collection":[{"href":"https:\/\/robia-green.at\/en\/wp-json\/wp\/v2\/pages"}],"about":[{"href":"https:\/\/robia-green.at\/en\/wp-json\/wp\/v2\/types\/page"}],"author":[{"embeddable":true,"href":"https:\/\/robia-green.at\/en\/wp-json\/wp\/v2\/users\/3"}],"replies":[{"embeddable":true,"href":"https:\/\/robia-green.at\/en\/wp-json\/wp\/v2\/comments?post=1726"}],"version-history":[{"count":107,"href":"https:\/\/robia-green.at\/en\/wp-json\/wp\/v2\/pages\/1726\/revisions"}],"predecessor-version":[{"id":11512,"href":"https:\/\/robia-green.at\/en\/wp-json\/wp\/v2\/pages\/1726\/revisions\/11512"}],"wp:attachment":[{"href":"https:\/\/robia-green.at\/en\/wp-json\/wp\/v2\/media?parent=1726"}],"curies":[{"name":"wp","href":"https:\/\/api.w.org\/{rel}","templated":true}]}}