{"id":8432,"date":"2024-03-27T12:19:07","date_gmt":"2024-03-27T12:19:07","guid":{"rendered":"https:\/\/robia.now-ever.at\/?page_id=8432"},"modified":"2024-08-21T11:52:58","modified_gmt":"2024-08-21T11:52:58","slug":"bestaetigung","status":"publish","type":"page","link":"https:\/\/robia-green.at\/en\/bestaetigung\/","title":{"rendered":"Double Opt In \u2013 Best\u00e4tigungs-Seite"},"content":{"rendered":"<div data-elementor-type=\"wp-page\" data-elementor-id=\"8432\" class=\"elementor elementor-8432\" data-elementor-post-type=\"page\">\n\t\t\t\t<div class=\"elementor-element elementor-element-062c2e2 e-flex e-con-boxed e-con e-parent\" data-id=\"062c2e2\" data-element_type=\"container\">\n\t\t\t\t\t<div class=\"e-con-inner\">\n\t\t\t\t<div class=\"elementor-element elementor-element-eb752e8 elementor-widget__width-initial elementor-widget-mobile__width-inherit elementor-widget elementor-widget-heading\" data-id=\"eb752e8\" data-element_type=\"widget\" data-widget_type=\"heading.default\">\n\t\t\t\t<div class=\"elementor-widget-container\">\n\t\t\t<h1 class=\"elementor-heading-title elementor-size-default\">Newsletter Anmeldung best\u00e4tigt<\/h1>\t\t<\/div>\n\t\t\t\t<\/div>\n\t\t\t\t<div class=\"elementor-element elementor-element-482773a elementor-widget elementor-widget-text-editor\" data-id=\"482773a\" data-element_type=\"widget\" data-widget_type=\"text-editor.default\">\n\t\t\t\t<div class=\"elementor-widget-container\">\n\t\t\t\t\t\t\t<p>Vielen Dank f\u00fcr Ihr Anmeldung!<\/p><p>Wir freuen uns, Sie zuk\u00fcnftig \u00fcber spannende Neuigkeiten, Informationen zu Veranstaltungen oder Angeboten informieren zu d\u00fcrfen. Sollten Sie vorab Fragen zum Thema Bodenverlegung, Pflege oder nachhaltige Sanierung haben, z\u00f6gern Sie nicht, uns zu <a href=\"https:\/\/robia-green.at\/en\/kontakt\/\"><span style=\"text-decoration: underline;\">kontaktieren<\/span><\/a>.<\/p><p>Ihr Team von ROBIA green<\/p>\t\t\t\t\t\t<\/div>\n\t\t\t\t<\/div>\n\t\t\t\t\t<\/div>\n\t\t\t\t<\/div>\n\t\t\t\t<\/div>","protected":false},"excerpt":{"rendered":"<p>Newsletter Anmeldung best\u00e4tigt Vielen Dank f\u00fcr Ihr Anmeldung! Wir freuen uns, Sie zuk\u00fcnftig \u00fcber spannende Neuigkeiten, Informationen zu Veranstaltungen oder [&hellip;]<\/p>","protected":false},"author":4,"featured_media":0,"parent":0,"menu_order":0,"comment_status":"closed","ping_status":"closed","template":"","meta":{"site-sidebar-layout":"no-sidebar","site-content-layout":"","ast-site-content-layout":"full-width-container","site-content-style":"default","site-sidebar-style":"default","ast-global-header-display":"","ast-banner-title-visibility":"","ast-main-header-display":"","ast-hfb-above-header-display":"","ast-hfb-below-header-display":"","ast-hfb-mobile-header-display":"","site-post-title":"disabled","ast-breadcrumbs-content":"","ast-featured-img":"disabled","footer-sml-layout":"","theme-transparent-header-meta":"","adv-header-id-meta":"","stick-header-meta":"","header-above-stick-meta":"","header-main-stick-meta":"","header-below-stick-meta":"","astra-migrate-meta-layouts":"default","ast-page-background-enabled":"default","ast-page-background-meta":{"desktop":{"background-color":"var(--ast-global-color-4)","background-image":"","background-repeat":"repeat","background-position":"center center","background-size":"auto","background-attachment":"scroll","background-type":"","background-media":"","overlay-type":"","overlay-color":"","overlay-opacity":"","overlay-gradient":""},"tablet":{"background-color":"","background-image":"","background-repeat":"repeat","background-position":"center center","background-size":"auto","background-attachment":"scroll","background-type":"","background-media":"","overlay-type":"","overlay-color":"","overlay-opacity":"","overlay-gradient":""},"mobile":{"background-color":"","background-image":"","background-repeat":"repeat","background-position":"center center","background-size":"auto","background-attachment":"scroll","background-type":"","background-media":"","overlay-type":"","overlay-color":"","overlay-opacity":"","overlay-gradient":""}},"ast-content-background-meta":{"desktop":{"background-color":"var(--ast-global-color-5)","background-image":"","background-repeat":"repeat","background-position":"center center","background-size":"auto","background-attachment":"scroll","background-type":"","background-media":"","overlay-type":"","overlay-color":"","overlay-opacity":"","overlay-gradient":""},"tablet":{"background-color":"var(--ast-global-color-5)","background-image":"","background-repeat":"repeat","background-position":"center center","background-size":"auto","background-attachment":"scroll","background-type":"","background-media":"","overlay-type":"","overlay-color":"","overlay-opacity":"","overlay-gradient":""},"mobile":{"background-color":"var(--ast-global-color-5)","background-image":"","background-repeat":"repeat","background-position":"center center","background-size":"auto","background-attachment":"scroll","background-type":"","background-media":"","overlay-type":"","overlay-color":"","overlay-opacity":"","overlay-gradient":""}},"footnotes":""},"class_list":["post-8432","page","type-page","status-publish","hentry"],"yoast_head":"<!-- This site is optimized with the Yoast SEO plugin v24.4 - https:\/\/yoast.com\/wordpress\/plugins\/seo\/ -->\n<title>Double Opt In \u2013 Best\u00e4tigungs-Seite - ROBIA green Newsletter-Anmeldung<\/title>\n<meta name=\"description\" content=\"Best\u00e4tigung der Newsletter-Anmeldung von ROBIA B\u00f6den.\" \/>\n<meta name=\"robots\" content=\"index, follow, max-snippet:-1, max-image-preview:large, max-video-preview:-1\" \/>\n<link rel=\"canonical\" href=\"https:\/\/robia-green.at\/en\/bestaetigung\/\" \/>\n<meta property=\"og:locale\" content=\"en_GB\" \/>\n<meta property=\"og:type\" content=\"article\" \/>\n<meta property=\"og:title\" content=\"Double Opt In \u2013 Best\u00e4tigungs-Seite - ROBIA green Newsletter-Anmeldung\" \/>\n<meta property=\"og:description\" content=\"Best\u00e4tigung der Newsletter-Anmeldung von ROBIA B\u00f6den.\" \/>\n<meta property=\"og:url\" content=\"https:\/\/robia-green.at\/en\/bestaetigung\/\" \/>\n<meta property=\"og:site_name\" content=\"ROBIA green\" \/>\n<meta property=\"article:publisher\" content=\"https:\/\/www.facebook.com\/RobiaBoeden\/\" \/>\n<meta property=\"article:modified_time\" content=\"2024-08-21T11:52:58+00:00\" \/>\n<meta name=\"twitter:card\" content=\"summary_large_image\" \/>\n<meta name=\"twitter:label1\" content=\"Estimated reading time\" \/>\n\t<meta name=\"twitter:data1\" content=\"1 minute\" \/>\n<script type=\"application\/ld+json\" class=\"yoast-schema-graph\">{\"@context\":\"https:\/\/schema.org\",\"@graph\":[{\"@type\":\"WebPage\",\"@id\":\"https:\/\/robia-green.at\/bestaetigung\/\",\"url\":\"https:\/\/robia-green.at\/bestaetigung\/\",\"name\":\"Double Opt In \u2013 Best\u00e4tigungs-Seite - ROBIA green Newsletter-Anmeldung\",\"isPartOf\":{\"@id\":\"https:\/\/robia-green.at\/#website\"},\"datePublished\":\"2024-03-27T12:19:07+00:00\",\"dateModified\":\"2024-08-21T11:52:58+00:00\",\"description\":\"Best\u00e4tigung der Newsletter-Anmeldung von ROBIA B\u00f6den.\",\"breadcrumb\":{\"@id\":\"https:\/\/robia-green.at\/bestaetigung\/#breadcrumb\"},\"inLanguage\":\"en-GB\",\"potentialAction\":[{\"@type\":\"ReadAction\",\"target\":[\"https:\/\/robia-green.at\/bestaetigung\/\"]}]},{\"@type\":\"BreadcrumbList\",\"@id\":\"https:\/\/robia-green.at\/bestaetigung\/#breadcrumb\",\"itemListElement\":[{\"@type\":\"ListItem\",\"position\":1,\"name\":\"Startseite\",\"item\":\"https:\/\/robia-green.at\/\"},{\"@type\":\"ListItem\",\"position\":2,\"name\":\"Double Opt In \u2013 Best\u00e4tigungs-Seite\"}]},{\"@type\":\"WebSite\",\"@id\":\"https:\/\/robia-green.at\/#website\",\"url\":\"https:\/\/robia-green.at\/\",\"name\":\"ROBIA green\",\"description\":\"Werden Sie Teil unserer Erfolgsgeschichte\",\"potentialAction\":[{\"@type\":\"SearchAction\",\"target\":{\"@type\":\"EntryPoint\",\"urlTemplate\":\"https:\/\/robia-green.at\/?s={search_term_string}\"},\"query-input\":{\"@type\":\"PropertyValueSpecification\",\"valueRequired\":true,\"valueName\":\"search_term_string\"}}],\"inLanguage\":\"en-GB\"}]}<\/script>\n<!-- \/ Yoast SEO plugin. -->","yoast_head_json":{"title":"Double Opt In \u2013 Best\u00e4tigungs-Seite - ROBIA green Newsletter-Anmeldung","description":"Best\u00e4tigung der Newsletter-Anmeldung von ROBIA B\u00f6den.","robots":{"index":"index","follow":"follow","max-snippet":"max-snippet:-1","max-image-preview":"max-image-preview:large","max-video-preview":"max-video-preview:-1"},"canonical":"https:\/\/robia-green.at\/en\/bestaetigung\/","og_locale":"en_GB","og_type":"article","og_title":"Double Opt In \u2013 Best\u00e4tigungs-Seite - ROBIA green Newsletter-Anmeldung","og_description":"Best\u00e4tigung der Newsletter-Anmeldung von ROBIA B\u00f6den.","og_url":"https:\/\/robia-green.at\/en\/bestaetigung\/","og_site_name":"ROBIA green","article_publisher":"https:\/\/www.facebook.com\/RobiaBoeden\/","article_modified_time":"2024-08-21T11:52:58+00:00","twitter_card":"summary_large_image","twitter_misc":{"Estimated reading time":"1 minute"},"schema":{"@context":"https:\/\/schema.org","@graph":[{"@type":"WebPage","@id":"https:\/\/robia-green.at\/bestaetigung\/","url":"https:\/\/robia-green.at\/bestaetigung\/","name":"Double Opt In \u2013 Best\u00e4tigungs-Seite - ROBIA green Newsletter-Anmeldung","isPartOf":{"@id":"https:\/\/robia-green.at\/#website"},"datePublished":"2024-03-27T12:19:07+00:00","dateModified":"2024-08-21T11:52:58+00:00","description":"Best\u00e4tigung der Newsletter-Anmeldung von ROBIA B\u00f6den.","breadcrumb":{"@id":"https:\/\/robia-green.at\/bestaetigung\/#breadcrumb"},"inLanguage":"en-GB","potentialAction":[{"@type":"ReadAction","target":["https:\/\/robia-green.at\/bestaetigung\/"]}]},{"@type":"BreadcrumbList","@id":"https:\/\/robia-green.at\/bestaetigung\/#breadcrumb","itemListElement":[{"@type":"ListItem","position":1,"name":"Startseite","item":"https:\/\/robia-green.at\/"},{"@type":"ListItem","position":2,"name":"Double Opt In \u2013 Best\u00e4tigungs-Seite"}]},{"@type":"WebSite","@id":"https:\/\/robia-green.at\/#website","url":"https:\/\/robia-green.at\/","name":"ROBIA green","description":"Werden Sie Teil unserer Erfolgsgeschichte","potentialAction":[{"@type":"SearchAction","target":{"@type":"EntryPoint","urlTemplate":"https:\/\/robia-green.at\/?s={search_term_string}"},"query-input":{"@type":"PropertyValueSpecification","valueRequired":true,"valueName":"search_term_string"}}],"inLanguage":"en-GB"}]}},"_links":{"self":[{"href":"https:\/\/robia-green.at\/en\/wp-json\/wp\/v2\/pages\/8432","targetHints":{"allow":["GET"]}}],"collection":[{"href":"https:\/\/robia-green.at\/en\/wp-json\/wp\/v2\/pages"}],"about":[{"href":"https:\/\/robia-green.at\/en\/wp-json\/wp\/v2\/types\/page"}],"author":[{"embeddable":true,"href":"https:\/\/robia-green.at\/en\/wp-json\/wp\/v2\/users\/4"}],"replies":[{"embeddable":true,"href":"https:\/\/robia-green.at\/en\/wp-json\/wp\/v2\/comments?post=8432"}],"version-history":[{"count":16,"href":"https:\/\/robia-green.at\/en\/wp-json\/wp\/v2\/pages\/8432\/revisions"}],"predecessor-version":[{"id":10645,"href":"https:\/\/robia-green.at\/en\/wp-json\/wp\/v2\/pages\/8432\/revisions\/10645"}],"wp:attachment":[{"href":"https:\/\/robia-green.at\/en\/wp-json\/wp\/v2\/media?parent=8432"}],"curies":[{"name":"wp","href":"https:\/\/api.w.org\/{rel}","templated":true}]}}